{"id":1131,"date":"2017-06-18T21:31:06","date_gmt":"2017-06-18T19:31:06","guid":{"rendered":"https:\/\/www.dpin.de\/nf\/?page_id=1131"},"modified":"2017-06-18T21:39:54","modified_gmt":"2017-06-18T19:39:54","slug":"id3p-independent-3rd-party","status":"publish","type":"page","link":"https:\/\/www.dpin.de\/nf\/beruf-firma\/id3p-independent-3rd-party\/","title":{"rendered":"ID3P &#8211; Independent 3rd Party"},"content":{"rendered":"<p><a href=\"http:\/\/www.id3p.de\/\"><img loading=\"lazy\" decoding=\"async\" class=\"alignleft size-medium\" src=\"http:\/\/www.id3p.de\/wp-content\/uploads\/2016\/08\/id3p-logotext-1.png\" alt=\"Independent 3rd Party\" width=\"316\" height=\"210\" \/><\/a><\/p>\n<p>Nach fast 20 Jahren professioneller Arbeit mit embedded Systemen und freier Software \/ OpenSource habe ich mich mit einer neuen Firma selbstst\u00e4ndig gemacht, ID3P &#8211; Independet 3rd Party.<\/p>\n<p>Ziel von ID3P sind vornehmlich Beratungsleistungen in den Bereichen, mit denen ich inzwischen \u00fcber 20 Jahre Erfahrung habe. Diese Erfahrung m\u00f6chte ich an Kund_innen vermitteln.<\/p>\n<p>Schwerpunkt ist die Technologie Beratung, also welche Technologien, in Hard- und Software, sind besonder gut zur L\u00f6sung der Aufgabenstellung geeignet? Welche freie Software steht daf\u00fcr zur Verf\u00fcgung? Kann durch Anpassung der Hardware-Auswahl der Software-Entwicklungsaufwand reduziert werden? Vielleicht sogar ohne zus\u00e4tzlich Kosten?<\/p>\n<p>Ein weiterer Schwerpunkt ist die Beratung zu Lizenzen der freien und Open Source Software. Es gibt Dutzende unterschiedlicher Lizenzen, nicht alle sind miteinander vereinbar und einige stellen hohe Anforderungen, an Entwickler_innen, Vertrieb und Kund_innen. Hier kann ich durch meine lange Erfahrung und gute Kontakte in die freie und OpenSource Software Szene unterst\u00fctzen. Zudem pflege ich sehr gute Kontakte zu f\u00fchrenden Jurist_innen in diesem Bereich, sodass ich auch rechtsverbindliche Ausk\u00fcnfte zumindest vermitteln kann. Neben der Beratung biete ich auch License Engineering an, d.h. die Pr\u00fcfung bestehender Software Projekte auf Lizenzen der freien und OpenSource Software, Erstellung von Lizenzlisten, Pr\u00fcfung auf Kompatibilit\u00e4t und Vertr\u00e4glichkeit, Aussprache von Empfehlungen etc.<\/p>\n","protected":false},"excerpt":{"rendered":"<p>Nach fast 20 Jahren professioneller Arbeit mit embedded Systemen und freier Software \/ OpenSource habe ich mich mit einer neuen Firma selbstst\u00e4ndig gemacht, ID3P &#8211; Independet 3rd Party. Ziel von ID3P sind vornehmlich Beratungsleistungen in den Bereichen, mit denen ich inzwischen \u00fcber 20 Jahre Erfahrung habe. Diese Erfahrung m\u00f6chte ich an Kund_innen vermitteln. Schwerpunkt ist die Technologie Beratung, also welche&#8230; <a href=\"https:\/\/www.dpin.de\/nf\/beruf-firma\/id3p-independent-3rd-party\/\">Read more &raquo;<\/a><\/p>\n","protected":false},"author":1,"featured_media":0,"parent":63,"menu_order":0,"comment_status":"closed","ping_status":"closed","template":"","meta":{"footnotes":""},"class_list":["post-1131","page","type-page","status-publish","hentry"],"_links":{"self":[{"href":"https:\/\/www.dpin.de\/nf\/wp-json\/wp\/v2\/pages\/1131","targetHints":{"allow":["GET"]}}],"collection":[{"href":"https:\/\/www.dpin.de\/nf\/wp-json\/wp\/v2\/pages"}],"about":[{"href":"https:\/\/www.dpin.de\/nf\/wp-json\/wp\/v2\/types\/page"}],"author":[{"embeddable":true,"href":"https:\/\/www.dpin.de\/nf\/wp-json\/wp\/v2\/users\/1"}],"replies":[{"embeddable":true,"href":"https:\/\/www.dpin.de\/nf\/wp-json\/wp\/v2\/comments?post=1131"}],"version-history":[{"count":4,"href":"https:\/\/www.dpin.de\/nf\/wp-json\/wp\/v2\/pages\/1131\/revisions"}],"predecessor-version":[{"id":1135,"href":"https:\/\/www.dpin.de\/nf\/wp-json\/wp\/v2\/pages\/1131\/revisions\/1135"}],"up":[{"embeddable":true,"href":"https:\/\/www.dpin.de\/nf\/wp-json\/wp\/v2\/pages\/63"}],"wp:attachment":[{"href":"https:\/\/www.dpin.de\/nf\/wp-json\/wp\/v2\/media?parent=1131"}],"curies":[{"name":"wp","href":"https:\/\/api.w.org\/{rel}","templated":true}]}}