{"id":1326,"date":"2018-05-20T14:27:03","date_gmt":"2018-05-20T12:27:03","guid":{"rendered":"https:\/\/www.dpin.de\/nf\/?page_id=1326"},"modified":"2024-12-19T19:24:50","modified_gmt":"2024-12-19T18:24:50","slug":"purism-spc","status":"publish","type":"page","link":"https:\/\/www.dpin.de\/nf\/beruf-firma\/purism-spc\/","title":{"rendered":"Purism SPC"},"content":{"rendered":"<p><img loading=\"lazy\" decoding=\"async\" class=\"alignleft \" src=\"https:\/\/puri.sm\/wp-content\/uploads\/2016\/11\/purism-logo-with-text-5470x1120px-transparent-gradient.png\" width=\"317\" height=\"68\" \/>Seit August 2016 war ich beratend im Advisory Board von <a href=\"https:\/\/puri.sm\" target=\"_blank\" rel=\"noopener noreferrer\">Purism SPC<\/a> t\u00e4tig, insbesondere bzgl. embedded Linux und Linux f\u00fcr mobile Ger\u00e4te.<\/p>\n<p>Im September 2017 m\u00fcndete diese beraterische T\u00e4tigkeit in der Erstellung der Crowdfunding Kampagne f\u00fcr das Purism Librem5 &#8222;encrypted communication device&#8220;.<\/p>\n<p>Seit November 2017 leite ich das Entwicklungsteam des Librem5 als &#8222;Director of Mobile&#8220;. Seit Juli 2018 arbeite ich als Chief Technlogy Officer (CTO) f\u00fcr Purism, bin also f\u00fcr die gesamte technologische Produktentwicklung verantwortlich.<\/p>\n<p>Zum 1. Mai 2024 (am Tag der Arbeit, auch in USA Labor Day) wurde ich <a href=\"https:\/\/www.dpin.de\/nf\/changing-jobs-from-purism-to-mercedes-benz\/\">de-facto gek\u00fcndigt<\/a> und arbeite nun bei Mercedes Benz in Sindelfingen, bei RD\/CED Fahrzeugentwicklung, im Team f\u00fcr FOSS Governance und Compliance.<\/p>\n","protected":false},"excerpt":{"rendered":"<p>Seit August 2016 war ich beratend im Advisory Board von Purism SPC t\u00e4tig, insbesondere bzgl. embedded Linux und Linux f\u00fcr mobile Ger\u00e4te. Im September 2017 m\u00fcndete diese beraterische T\u00e4tigkeit in der Erstellung der Crowdfunding Kampagne f\u00fcr das Purism Librem5 &#8222;encrypted communication device&#8220;. Seit November 2017 leite ich das Entwicklungsteam des Librem5 als &#8222;Director of Mobile&#8220;. Seit Juli 2018 arbeite ich&#8230; <a href=\"https:\/\/www.dpin.de\/nf\/beruf-firma\/purism-spc\/\">Read more &raquo;<\/a><\/p>\n","protected":false},"author":1,"featured_media":0,"parent":63,"menu_order":0,"comment_status":"closed","ping_status":"closed","template":"","meta":{"footnotes":""},"class_list":["post-1326","page","type-page","status-publish","hentry"],"_links":{"self":[{"href":"https:\/\/www.dpin.de\/nf\/wp-json\/wp\/v2\/pages\/1326","targetHints":{"allow":["GET"]}}],"collection":[{"href":"https:\/\/www.dpin.de\/nf\/wp-json\/wp\/v2\/pages"}],"about":[{"href":"https:\/\/www.dpin.de\/nf\/wp-json\/wp\/v2\/types\/page"}],"author":[{"embeddable":true,"href":"https:\/\/www.dpin.de\/nf\/wp-json\/wp\/v2\/users\/1"}],"replies":[{"embeddable":true,"href":"https:\/\/www.dpin.de\/nf\/wp-json\/wp\/v2\/comments?post=1326"}],"version-history":[{"count":8,"href":"https:\/\/www.dpin.de\/nf\/wp-json\/wp\/v2\/pages\/1326\/revisions"}],"predecessor-version":[{"id":2239,"href":"https:\/\/www.dpin.de\/nf\/wp-json\/wp\/v2\/pages\/1326\/revisions\/2239"}],"up":[{"embeddable":true,"href":"https:\/\/www.dpin.de\/nf\/wp-json\/wp\/v2\/pages\/63"}],"wp:attachment":[{"href":"https:\/\/www.dpin.de\/nf\/wp-json\/wp\/v2\/media?parent=1326"}],"curies":[{"name":"wp","href":"https:\/\/api.w.org\/{rel}","templated":true}]}}