{"id":19,"date":"2015-04-20T00:24:00","date_gmt":"2015-04-19T22:24:00","guid":{"rendered":"http:\/\/nf.dpin.de\/?page_id=19"},"modified":"2017-12-18T18:26:11","modified_gmt":"2017-12-18T17:26:11","slug":"buecher-literatur","status":"publish","type":"page","link":"https:\/\/www.dpin.de\/nf\/trans\/buecher-literatur\/","title":{"rendered":"B\u00fccher, Literatur"},"content":{"rendered":"<div>Hier stelle ich B\u00fccher vor, die ich entweder bereits gelesen habe, gerade lese oder noch lesen m\u00f6chte.<\/div>\n<p>&nbsp;<\/p>\n<p>Achtung: Die Links hinter den Buch-Covern gehen teilweise zu Amazon oder Google-Books.<\/p>\n<div>\n<h4>Gelesen<\/h4>\n<ul>\n<li>Ich bin (k)ein Mann, Als Transgender gl\u00fccklich leben &#8211; Ein Ratgeber, von Jula B\u00f6ge\n<div style=\"text-align: left\"><a href=\"http:\/\/www.amazon.de\/Ich-bin-ein-Mann-Transgender\/dp\/3896883844\/ref=pd_sim_b_1\" target=\"_blank\" rel=\"noopener\"><img decoding=\"async\" src=\"https:\/\/sites.google.com\/site\/nicolebeaux\/lesestoff\/literatur\/ichbinkeinmann.jpg\" alt=\"\" border=\"0\" \/><\/a><\/div>\n<p>Jula kann man, denke ich, durchaus als eine Intellektuelle und Philosophin bezeichnen. Sie hat, wie so viele von uns, lange Zeit ihres Lebens mit und teils gegen Ihre M2F Transidentit\u00e4t gek\u00e4mpft, aber dann beschlossen, nicht mehr passives Opfer zu sein, sondern sich aktiv intelligente Gedanken dar\u00fcber zu machen, was wir sind, was wir daraus machen k\u00f6nnen und was dies gesellschaftlich bedeutet. Einige der Texte dieses Buches hat sie urspr\u00fcnglich f\u00fcr ihrer Webseite geschrieben (siehe <a href=\"https:\/\/sites.google.com\/site\/nicolebeaux\/links\">Links<\/a>) und dann sp\u00e4ter in diesem Buch verarbeitet. Ihr Buch ist sicherlich keine leichte und besonders unterhaltsame Lekt\u00fcre, wohl aber eine grosse Quelle gut durchdachter Gedanken \u00fcber uns Transgender.<\/p>\n<p><b>Bewertung:<\/b> Jula erkl\u00e4rt sehr verst\u00e4ndlich viele unserer Probleme und gibt wertvolle Hinweise, wie wir richtig damit umgehen k\u00f6nnen, <b>sehr empfehlenswert<\/b><\/li>\n<li>How to change your sex: A Lighthearted Look at the Hardest Thing You&#8217;ll Ever Do, von Lannie Rose<\/li>\n<li style=\"text-align: left\">\n<div style=\"text-align: left\"><a href=\"http:\/\/books.google.de\/books?id=hZbdNPEw2x0C&amp;lpg=PP1&amp;dq=how%20to%20change%20your%20sex&amp;hl=de&amp;pg=PP1#v=onepage&amp;q=how%20to%20change%20your%20sex&amp;f=false\" target=\"_blank\" rel=\"noopener\"><img decoding=\"async\" src=\"https:\/\/sites.google.com\/site\/nicolebeaux\/lesestoff\/literatur\/howtochangeyoursex.jpeg\" alt=\"\" border=\"0\" \/><\/a><\/div>\n<p>Eine nicht \u00fcbertrieben ernste Beschreibung all dessen, was eine transsexuelle Person ausmacht &#8211; ihre Probleme, L\u00f6sungen, Folgen. Das Buch hat den Charakter eines Ratgebers f\u00fcr all jene, die sich noch etwas unsicher sind, ob sie wirklich Transsexuell sind und beschreibt, welche Dinge einem in der Folge der Entscheidung zur Transsexualit\u00e4t beim \u00dcbertritt der Geschlechtergrenze passieren werden. Es ist sicherlich nicht das tiefsch\u00fcrfendste Buch in dieser Richtung, aber soll es ja auch nicht sein, wie der Titel schon sagt, &#8222;lighthearted&#8220;, also &#8222;locker&#8220; sein. Das gelingt ihm auch, ohne zu banalisieren.<\/p>\n<p><b>Bewertung:<\/b> Unterhaltsam und sehr informativ, gerade f\u00fcr jene, die noch mit sich ringen, was sie denn sind, <b>empfehlenswert<\/b><\/li>\n<li><a href=\"http:\/\/www.amazon.de\/Telefonate-mit-Denise-Transsexuelle-erz%C3%A4hlt\/dp\/3896028200\/ref=sr_1_1?ie=UTF8&amp;qid=1388280943&amp;sr=8-1&amp;keywords=telefonate+mit+denise\" target=\"_blank\" rel=\"noopener\">Telefonate mit Denise<\/a>, Jana Henschel und Denise Cline\n<div style=\"text-align: left\"><a href=\"https:\/\/sites.google.com\/site\/nicolebeaux\/lesestoff\/literatur\/Telefonate_mit_Denise.jpg?attredirects=0\"><img decoding=\"async\" src=\"https:\/\/sites.google.com\/site\/nicolebeaux\/lesestoff\/literatur\/Telefonate_mit_Denise.jpg\" alt=\"\" border=\"0\" \/><\/a><\/div>\n<p>Eine Journalistin m\u00f6chte eigentlich nur ein Interview zu Transsexualit\u00e4t mit einer Betroffenen, Denise, f\u00fchren, doch auch nach Abschluss der Artikels l\u00e4sst sie das Thema nicht mehr los und sie ruft sie noch einmal an. Die Gespr\u00e4che werden zu einer Art abendlichen Gewohnheit, f\u00fcr beide. Und beide begeben sich damit auf eine Reise durch Denise bewegte und bewegende Vergangenheit. F\u00fcr Denise wird es eine Aufarbeitung der Vergangenheit, f\u00fcr die Journalistin ein einmaliger Einblick in einen Bereich, der der \u00fcberwiegenden Mehrheit ihrer Mitmenschen verborgen bleiben wird.<\/p>\n<p><b>Bewertung:<\/b> Ich bin keine Schnellleserin, dennoch hatte ich die gut 250 Seiten innerhalb eines Tages verschlungen. Jana Henschel beschreibt in einem sehr gut und fl\u00fcssig lesbaren Stil, zumeist in Dialogform, ihre teils n\u00e4chtelangen Telefonate mit Denise. Ihre Fragen sind jene Fragen, die sich wohl jeder stellen w\u00fcrde, der zum ersten mal mit Transsexualit\u00e4t in Ber\u00fchrung kommt &#8211; wann begann es? Wie? Wie f\u00fchlt sich das an? Wie ist es jetzt? Die sich daraus entwickelnde Geschichte r\u00fchrt zuweilen sehr an &#8211; aus Mitleid wegen der teils sehr unsch\u00f6nen Vorgeschichte, aber auch aus Freude f\u00fcr das Gl\u00fcck, dass Denise dennoch letztlich gefunden hat. Der Weg dazwischen wird dadurch sehr anschaulich &#8211; <b>sehr empfehlenswert<\/b><\/li>\n<li><a href=\"https:\/\/www.wien.gv.at\/menschen\/queer\/pdf\/broschuere-transidentitaeten.pdf\" target=\"_blank\" rel=\"noopener\">Trans*Identit\u00e4ten<\/a>, Brosch\u00fcre (PDF)\u00a0<span style=\"background-color: transparent;line-height: 1.6;font-size: 10pt\">WASt, Stadt Wien<\/span>Eine sehr gute \u00dcbersichtsbrosch\u00fcre (26 Seiten) \u00fcber die unterschiedlichen Arten von Trans*Identit\u00e4ten<b>Bewertung: Empfehlenswert<\/b><\/li>\n<li><a href=\"http:\/\/www.amazon.de\/Transsexualit%C3%A4t-Transidentit%C3%A4t-Begutachtung-Begleitung-Therapie\/dp\/3525462603\/ref=sr_1_4?ie=UTF8&amp;qid=1388282431&amp;sr=8-4&amp;keywords=transsexualit%C3%A4t+-+transidentit%C3%A4t\" target=\"_blank\" rel=\"noopener\">Transsexualit\u00e4t &#8211; Transidentit\u00e4t<\/a>, Begutachtung, Begleitung, Therapie, Udo Rauchfleisch\n<div style=\"text-align: left\"><a href=\"https:\/\/sites.google.com\/site\/nicolebeaux\/lesestoff\/literatur\/tsm.jpg?attredirects=0\"><img decoding=\"async\" src=\"https:\/\/sites.google.com\/site\/nicolebeaux\/lesestoff\/literatur\/tsm.jpg\" alt=\"\" border=\"0\" \/><\/a><\/div>\n<p>Der Text von Rauchfleisch ist eher langweilig, teils langatmig und strotzt<br \/>\nvor allem vor Redundanzen. Dieselben These finden sich immer und immer<br \/>\nwieder unter leicht anderen Betrachtungswinkeln. Das Ganze ist zwar gut<br \/>\nlesbar, aber es gibt darin nicht wirklich viel Neues zu entdecken.<br \/>\nAndererseits ist es auch mal gut von einem behandelnden Psychologen zu<br \/>\nlesen, wie er das Thema sieht und einsch\u00e4tzt.<\/p>\n<p>Viel spannender, interessanter und mehr Einblicke brachte mir aber der Gastbeitrag von Annette G\u00fcldenring in dem Buch! Frau G\u00fcldenring ist ebenfalls<br \/>\npraktizierende Psychologin, aber, und das macht das ganze so spannend,<br \/>\nsie ist auch eine Transfrau! Und zudem auch noch eine, die zu unserem<br \/>\nGl\u00fcck und leider ihrem Ungl\u00fcck zu einer Zeit aufwuchs und sich zum<br \/>\nersten mal mit ihrem &#8222;Problem&#8220; konfrontiert sah, als sich Transgender<br \/>\nallgemein und Transsexuelle im Besonderen noch in anonym in dunklen<br \/>\nKellerverlie\u00dfen trafen, um ja nicht entdeckt zu werden. Frau G\u00fcldenring<br \/>\nbietet damit einen Einblick, den nicht viele geben k\u00f6nnen:<br \/>\nProfessionell, da sie Psychologin ist. Geschichtlich, da sie selbst<br \/>\nZeiten erlebt hat, die f\u00fcr uns Trans* alles andere als gut waren. Und<br \/>\nnicht zuletzt, weil sie selbst Betroffene ist. Dieser Teil, ab Seite 131, macht das Buch wieder wertvoll f\u00fcr mich.<\/p>\n<p><b>Bewertung: Empfehlenswert<\/b>, aber fast ausschliesslich wegen des Gastbeitrags (nur daf\u00fcr aber dann entschieden zu teuer)<\/li>\n<li>Girls Game, von Marlene und Bernd Bitzer\n<div style=\"text-align: left\"><a href=\"http:\/\/www.amazon.de\/girls-game-Meine-erstaunliche-Frauen\/dp\/3932855272\/ref=pd_sim_b_2\" target=\"_blank\" rel=\"noopener\"><img loading=\"lazy\" decoding=\"async\" src=\"https:\/\/sites.google.com\/site\/nicolebeaux\/lesestoff\/literatur\/girlsgame.jpg\" alt=\"\" width=\"138\" height=\"200\" border=\"0\" \/><\/a><\/div>\n<p>Ein offenbar transidenter Journalist macht den Selbstversuch und testet das Leben als Frau &#8211; 24h, 7 Tage die Woche.<\/p>\n<p>Eigentlich vielversprechend und so beginnt das Buch auch &#8211; humorvoll werden einige Details beschrieben, die wir alle an uns kennen und \u00fcber die sich so manche schon selbst einige kritische Fragen gestellt hat. Doch leider<br \/>\nkommt das Buch nicht so richtig in Schwung, bleibt sehr oberfl\u00e4chlich<br \/>\nund vor allem kommt etwa nach 2\/3 der Bernd sehr stark durch und<br \/>\nbeschreibt seitenlang einen tollen Sportwagen und die Erlebnisse damit.<br \/>\nDas Ende des Buches kommt dann recht abrupt, ohne rechte Schlussfolgerung und auch die Geschichte von Bernd vs. Marlene bleibt offen.<\/p>\n<p>Zudem ist das Buch in Kinderschrift gedruckt, also gro\u00dfe Buchstaben und gro\u00dfer<br \/>\nZeilenabstand. Dazu noch dutzende Bilder, die zwar teils ganz nett, aber<br \/>\noft unn\u00f6tig sind. Damit wird das Buch zum echten Seitenschinder. Ich<br \/>\nlese nicht sonderlich schnell, hatte es aber innerhalb von knapp 2h durch.<\/p>\n<p><b>Bewertung:<\/b> Teils unterhaltsam, aber zu wenig Inhalt, <b>nicht sonderlich empfehlenswert<\/b>, vor allem f\u00fcr den Preis<\/li>\n<li>Ich bin nicht verr\u00fcckt &#8211;<br \/>\nich bin ein M\u00e4dchen, von Hanne Wagenvoord<br \/>\n<img loading=\"lazy\" decoding=\"async\" class=\"alignnone \" src=\"https:\/\/images-na.ssl-images-amazon.com\/images\/I\/41cJxfHYfhL._SX321_BO1,204,203,200_.jpg\" alt=\"\" width=\"141\" height=\"218\" \/><br \/>\nDas Buch schildert abwechselnd die fr\u00fche Kindheit und das sp\u00e4tere Erwachsenenalter von Hanne, die ihr Leben als Hans begann.Gerade die Schilderungen der Kindheit und Jugend sind ausf\u00fchrlich und anschaulich. Erlebnisse wie die des kleinen Hans k\u00f6nnen sicherlich viele trans* Frauen berichten und sich daher damit identifizieren. F\u00fcr cis Menschen sind es eindringliche Schilderungen, wie trans* Menschen das beginnende Selbstbewusstsein erleben, wahrnehmen und welche Vermeidungsstrategien sie dabei entwickeln. Auch wenn Hanne ihre Kindheit in den 60er Jahren durchlebte, so erleben doch viele Kinder und Jugendliche auch heute noch ein \u00e4hnliches Gef\u00fchl des Andersseins, ja des Verlorenseins und fast schon einer Aussetzigkeit. Das Verst\u00e4ndnis \u00fcber trans* Menschen ist auch heute noch immer nicht fl\u00e4chendeckend.Leider kommt die Schilderung von Hannes Selbstwerdung in den 2000er Jahren etwas zu kurz. Ihre Introspektion und Schilderungen der Selbstreflexion der Kindheit und Jugend findet sich in den Kapiteln \u00fcber ihren Weg zum Frausein leider sehr wenig, man hat das Gef\u00fchl, dass es etwas holprig auf einmal losgeht und dann ist es auch auf einmal schon geschafft. Der Konflikt mit Ihrer Frau, die mit der Entwicklung von ihrem Ehemann zur Partnerin zu hadern scheint, wird nicht aufgel\u00f6st, zumindest nicht im Rahmen dieses Buches. Auch wird ihr Entwicklungsprozess, vom ersten Arztbesuch bis zur geschlechtsangleichenden Operation, nur sehr oberfl\u00e4chlich behandelt.<b>Bewertung:<\/b> Alles in allem ist die Geschichte sch\u00f6n zu lesen, die holl\u00e4ndischen Wurzeln der Autorin schimmern hier und dort ein wenig durch, was den Text damit noch pers\u00f6nlicher erscheinen l\u00e4sst. F\u00fcr Menschen, die sich im Besonderen f\u00fcr die pers\u00f6nlichen Konflikte, Introspektion und Reflexion einer trans* Frau vor ihrer Transition interessieren, sicherlich eine lesenswerte Biografie.&nbsp;<\/li>\n<\/ul>\n<h4>Dabei zu lesen<\/h4>\n<ul>\n<li>My Husband Betty, Love Sex and Life with a Crossdresser, von Helen Boyd\n<div style=\"text-align: left\"><a href=\"http:\/\/books.google.de\/books?id=vCT70HjI_a4C&amp;lpg=PP1&amp;dq=My%20HUsband%20Betty&amp;hl=de&amp;pg=PP1#v=onepage&amp;q=My%20HUsband%20Betty&amp;f=false\" target=\"_blank\" rel=\"noopener\"><img decoding=\"async\" src=\"https:\/\/sites.google.com\/site\/nicolebeaux\/lesestoff\/literatur\/myhusbandbetty.jpeg\" alt=\"\" border=\"0\" \/><\/a><\/div>\n<p>So ziemlich das genialste, was ich bisher gelesen habe! (Zusammen mit Julas Buch (s.o.) meine beiden absoluten Favoriten.)<\/p>\n<p>Helen beschreibt in einem lockeren, aber nicht zu lockeren, Stil ihre Beziehung zu Ihrem Mann, einem Cross-Dresser, den sie gemeinsam in seiner weiblichen Rolle Betty getauft haben. Das bemerkenswerte an dem Buch ist, dass Helen dem Phaenomen M2F Cross-Dressing aus der Sicht einer Partnerin auf den Grund zu gehen versucht. Sie beschreibt wie sie immer wieder fast verzweifelte, weil auch sie sich keinen Reim auf diese Andersartigkeit Cross-Dressing machen konnte und kann. \u00dcber die Andersartigkeit ihres Mannes gewinnt sie selbst ganz neue Einsichten, zu sich, der Gesellschaft und den Geschlechterrollen. Nichts ist mehr selbstverst\u00e4ndlich und sie beschreibt sch\u00f6n und gut lesbar, wie sie selbst auszog, das R\u00e4tsel zu l\u00f6sen, doch dabei nur noch mehr Fragen aufwarf, aber viele viele Transgender kennenlernte, eine f\u00fcr sie neue und spannende Personengruppe.<\/p>\n<p><b>Bewertung:<\/b> Eine riesige Quelle der Selbsterkenntnis! Wie ein frisch geputzter Spiegel f\u00fcr uns Cross-Dresser, <b>sehr empfehlenswert<\/b> vor allem, aber nicht nur, f\u00fcr unsere Partnerinnen<\/li>\n<\/ul>\n<h4>Noch zu lesen<\/h4>\n<ul>\n<li><a href=\"http:\/\/www.amazon.de\/Die-soziale-Konstruktion-Transsexualit%C3%A4t-Geschlechtswechsel\/dp\/3518286455\/ref=sr_1_1?ie=UTF8&amp;qid=1388281934&amp;sr=8-1&amp;keywords=die+soziale+konstruktion+der+transsexualit%C3%A4t\" target=\"_blank\" rel=\"noopener\">Die soziale Konstruktion der Transsexualit\u00e4t<\/a>, Stefan Hirschauer\n<div style=\"text-align: left\"><a href=\"https:\/\/sites.google.com\/site\/nicolebeaux\/lesestoff\/literatur\/die_soziale_konstruktion.jpg?attredirects=0\"><img decoding=\"async\" src=\"https:\/\/sites.google.com\/site\/nicolebeaux\/lesestoff\/literatur\/die_soziale_konstruktion.jpg\" alt=\"\" border=\"0\" \/><\/a><\/div>\n<p>&#8222;Die soziale Konstruktion der Transsexualit\u00e4t ist die empirische und<br \/>\ntheoretische Analyse eines Ph\u00e4nomens, das sich seit Mitte des 20.<br \/>\nJahrhunderts in den westlichen Gesellschaften etablieren konnte und<br \/>\nkulturelle Grund\u00fcberzeugungen von der K\u00f6rpergebundenheit und Konstanz<br \/>\nder Geschlechtszugeh\u00f6rigkeit von Personen herausfordert. Die<br \/>\nUntersuchung beruht auf interaktionsanalytischen und genealogischen<br \/>\nForschungsarbeiten sowie auf einer umfassenden Ethnographie der<br \/>\nheterogenen Praktiken auf den Stationen eines medikalisierten<br \/>\nGeschlechtswechsels: psychiatrische Diagnostik, Endokrinologie,<br \/>\nplastische Chirurgie, Stimmtherapie, Justiz und Subkultur.&#8220;<\/p>\n<p>Mir scheint dies schon fast wie ein Standardwerk zum Thema Transsexualit\u00e4t, denn es wird in vielen Fachpublikationen und B\u00fcchern st\u00e4ndig erw\u00e4hnt, verwiesen uud zitiert. Ist aber, wie sich am Abrisstext schon andeutet, schwere Kost&#8230;<\/li>\n<li><a href=\"http:\/\/www.amazon.de\/Breakfast-Pluto-Patrick-McCabe\/dp\/3821805897\/ref=sr_1_8?ie=UTF8&amp;qid=1389223223&amp;sr=8-8&amp;keywords=breakfast+on+pluto\" target=\"_blank\" rel=\"noopener\">Breakfast on Pluto<\/a>, Patrick McCabe\n<div style=\"text-align: left\"><a href=\"https:\/\/sites.google.com\/site\/nicolebeaux\/lesestoff\/literatur\/breakfast.jpeg?attredirects=0\"><img decoding=\"async\" src=\"https:\/\/sites.google.com\/site\/nicolebeaux\/lesestoff\/literatur\/breakfast.jpeg\" alt=\"\" border=\"0\" \/><\/a><\/div>\n<p>Mal zur Abwechslung ein voraussichtlich unterhaltsamer Roman, der nicht an Gesellschaftskritik spart.<\/li>\n<li>She&#8217;s Not the Man I Married, My Life With A Transgender Husband, von Helen Boyd\n<div style=\"text-align: left\"><a href=\"http:\/\/books.google.de\/books?id=iT80bco30ywC&amp;lpg=PP1&amp;dq=My%20HUsband%20Betty&amp;hl=de&amp;pg=PP1#v=onepage&amp;q=My%20HUsband%20Betty&amp;f=false\" target=\"_blank\" rel=\"noopener\"><img decoding=\"async\" src=\"https:\/\/sites.google.com\/site\/nicolebeaux\/lesestoff\/literatur\/shesnottheman.jpeg\" alt=\"\" border=\"0\" \/><\/a><\/div>\n<p>Das zweite Buch von Helen Boyd, nach &#8222;My Husband Betty&#8220;. Dies ist sozusagen die Fortsetzung der Geschichte von Helen Boyd und Betty Crow. In der weiteren Entwicklung kommt Betty immer mehr zu der \u00dcberzeugung, dass sie vielleicht doch v\u00f6llig Frau sein m\u00f6chte, was Helen, als ihre Partnerin, vor neue Probleme stellt.<\/li>\n<li><a href=\"http:\/\/www.tsroadmap.com\/early\/from-within\/\" target=\"_blank\" rel=\"noopener\">From Within<\/a>, von Victoria JefferiesNach den ersten paar Seiten zu urteilen, die Geschichte einer Mann-zu-Frau Transsexuellen, geschrieben in der dritten Person, von der fr\u00fchen Kindheit bis zur Transition<\/li>\n<li><a href=\"http:\/\/ai.eecs.umich.edu\/people\/conway\/TS\/Evelyn\/German\/INTRO.DE.html\" target=\"_blank\" rel=\"noopener\">Mom, I need to be a girl<\/a>, von Just EvelynAls PDF, in Englisch, Deutsch, Franz\u00f6sisch, Spanisch und weiteren Sprachen (wow!)<\/li>\n<li>Teilzeitfrau: Der Crossdresser an meiner Seite, von Linda Engel\n<div style=\"text-align: left\"><a href=\"http:\/\/books.google.de\/books\/reader?id=mU8cAQAAQBAJ&amp;hl=de&amp;printsec=frontcover&amp;output=reader&amp;source=gbs_atb\" target=\"_blank\" rel=\"noopener\"><img decoding=\"async\" src=\"http:\/\/bks6.books.google.de\/books?id=mU8cAQAAQBAJ&amp;printsec=frontcover&amp;img=1&amp;zoom=1&amp;edge=curl&amp;imgtk=AFLRE71kCj4JqPC-fFUxCUjugbkQW9-P4317if-KbcCiE0rj88Ef1LisJQJippQwy40xu5pfHjAScOwuBZYs5_2eJpoE0EZcovIUxh-61Vzx4izdh9crXWwhKk_A4OWOTdd4DGCF_hyN\" alt=\"\" border=\"0\" \/><\/a><\/div>\n<\/li>\n<\/ul>\n<h4>Tipps<\/h4>\n<p>Ein gro\u00dfer Vork\u00e4mpfer unserer Sache war <a href=\"https:\/\/de.wikipedia.org\/wiki\/Magnus_Hirschfeld\" target=\"_blank\" rel=\"noopener\">Magnus Hirschfeld <\/a>(* <a title=\"14. Mai\" href=\"https:\/\/de.wikipedia.org\/wiki\/14._Mai\">14. Mai<\/a> <a title=\"1868\" href=\"https:\/\/de.wikipedia.org\/wiki\/1868\">1868<\/a> in <a title=\"Ko\u0142obrzeg\" href=\"https:\/\/de.wikipedia.org\/wiki\/Ko%C5%82obrzeg\">Kolberg<\/a>; \u2020 <a title=\"14. Mai\" href=\"https:\/\/de.wikipedia.org\/wiki\/14._Mai\">14. Mai<\/a> <a title=\"1935\" href=\"https:\/\/de.wikipedia.org\/wiki\/1935\">1935<\/a> in <a title=\"Nizza\" href=\"https:\/\/de.wikipedia.org\/wiki\/Nizza\">Nizza<\/a>, <a title=\"Frankreich\" href=\"https:\/\/de.wikipedia.org\/wiki\/Frankreich\">Frankreich<\/a>). Er war einer der ersten, die sich sachlich, wissenschaftlich und vorurteilsfrei den Themen Homosexualit\u00e4t und Trans* gewidmet hat. Hirschfeld hat unglaubliche Mengen publiziert, darunter auch einiges f\u00fcr uns. Eines der f\u00fcr uns wichtigen Werke ist sein Buch &#8222;Die Transvestiten &#8211; Eine kasualistische Studie \u00fcber den erotischen Verkleidungstrieb&#8220; wie es damals noch nannte &#8211; 1923 benannte er neben Transvestiten auch als erster den &#8222;seelischen Transsexualismus&#8220;.<\/p>\n<p>Die meisten Werke von Magnus Hirschfeld unterliegen nicht mehr dem Urheberrecht, sie sind gemeinfrei. Hirschfeld selbst war homosexuell und zudem auch noch Jude. Sein Institut f\u00fcr Sexualwissenschaften in Berlin war den Nazis ein Dorn im Auge und so gingen leider w\u00e4hrend der Nazi Herrschaft die meisten Werke Hirschfelds verloren. Die wenigen \u00fcbrig gebliebenen Exemplare seiner B\u00fccher sind nur schwer zug\u00e4nglich, da sie in Rarit\u00e4tensammlungen aufbewahrt werden. 2013\/2014 habe ich im &#8222;eBook on demand&#8220; Dienst an der Humbold Universit\u00e4t Berlin alle B\u00fccher Hirschfelds aus der Rarit\u00e4tensammlung digitalisieren lassen, immerhin f\u00fcnf St\u00fcck, darunter auch Band I + II &#8222;Die Transvestiten&#8220;:<\/p>\n<p><a href=\"http:\/\/www.digi-hub.de\/viewer\/toc\/BV042530729\/1\/LOG_0000\/\" target=\"_blank\" rel=\"noopener\">http:\/\/www.digi-hub.de\/viewer\/toc\/BV042530729\/1\/LOG_0000\/<\/a><\/p>\n<p>Die B\u00fccher sind vollst\u00e4ndig online einsehbar und sogar durchsuchbar! Die Qualit\u00e4t ist hervorragend! Das Beste: Man kann sie sogar herunterladen!<\/p>\n<\/div>\n","protected":false},"excerpt":{"rendered":"<p>Hier stelle ich B\u00fccher vor, die ich entweder bereits gelesen habe, gerade lese oder noch lesen m\u00f6chte. &nbsp; Achtung: Die Links hinter den Buch-Covern gehen teilweise zu Amazon oder Google-Books. Gelesen Ich bin (k)ein Mann, Als Transgender gl\u00fccklich leben &#8211; Ein Ratgeber, von Jula B\u00f6ge Jula kann man, denke ich, durchaus als eine Intellektuelle und Philosophin bezeichnen. Sie hat, wie&#8230; <a href=\"https:\/\/www.dpin.de\/nf\/trans\/buecher-literatur\/\">Read more &raquo;<\/a><\/p>\n","protected":false},"author":1,"featured_media":0,"parent":15,"menu_order":0,"comment_status":"closed","ping_status":"open","template":"","meta":{"footnotes":""},"class_list":["post-19","page","type-page","status-publish","hentry"],"_links":{"self":[{"href":"https:\/\/www.dpin.de\/nf\/wp-json\/wp\/v2\/pages\/19","targetHints":{"allow":["GET"]}}],"collection":[{"href":"https:\/\/www.dpin.de\/nf\/wp-json\/wp\/v2\/pages"}],"about":[{"href":"https:\/\/www.dpin.de\/nf\/wp-json\/wp\/v2\/types\/page"}],"author":[{"embeddable":true,"href":"https:\/\/www.dpin.de\/nf\/wp-json\/wp\/v2\/users\/1"}],"replies":[{"embeddable":true,"href":"https:\/\/www.dpin.de\/nf\/wp-json\/wp\/v2\/comments?post=19"}],"version-history":[{"count":2,"href":"https:\/\/www.dpin.de\/nf\/wp-json\/wp\/v2\/pages\/19\/revisions"}],"predecessor-version":[{"id":1271,"href":"https:\/\/www.dpin.de\/nf\/wp-json\/wp\/v2\/pages\/19\/revisions\/1271"}],"up":[{"embeddable":true,"href":"https:\/\/www.dpin.de\/nf\/wp-json\/wp\/v2\/pages\/15"}],"wp:attachment":[{"href":"https:\/\/www.dpin.de\/nf\/wp-json\/wp\/v2\/media?parent=19"}],"curies":[{"name":"wp","href":"https:\/\/api.w.org\/{rel}","templated":true}]}}