{"id":273,"date":"2015-06-24T22:48:00","date_gmt":"2015-06-24T20:48:00","guid":{"rendered":"http:\/\/nf.dpin.de\/?page_id=273"},"modified":"2017-04-18T13:00:17","modified_gmt":"2017-04-18T11:00:17","slug":"artikel-und-vortraege","status":"publish","type":"page","link":"https:\/\/www.dpin.de\/nf\/trans\/artikel-und-vortraege\/","title":{"rendered":"Artikel und Vortr\u00e4ge"},"content":{"rendered":"<h3>Artikel<\/h3>\n<ul>\n<li>Materialsammlung zur rechtlichen Situation von Trans*:<br \/>\nDa ich in der letzten Zeit ein paar mal in verschiedenen Kontexten die aktuelle rechtliche Situation von Trans* in Deutschland beschreiben musste, habe ich einmal in einem Papier meine Erkenntnisse und Quellen zusammengefasst:<br \/>\n<a href=\"https:\/\/www.dpin.de\/nf\/wp-content\/uploads\/sites\/2\/2015\/06\/trans-recht-151019.pdf\">trans-recht-151019<\/a> (PDF, 137kB),<br \/>\n<a href=\"https:\/\/www.dpin.de\/nf\/wp-content\/uploads\/sites\/2\/2015\/06\/trans-recht-151020.pdf\">trans-recht-151020<\/a> (PDF, 145kB),<br \/>\n<a href=\"https:\/\/www.dpin.de\/nf\/wp-content\/uploads\/sites\/2\/2015\/06\/trans-recht-160501.pdf\">trans-recht-160501<\/a> (PDF, 146kB)<br \/>\nIch freue mich \u00fcber Feedback dazu! War es n\u00fctzlich? Hilfreich? Habe ich etwas vergessen? Fehler gefunden?<\/li>\n<\/ul>\n<h3>Vortr\u00e4ge \/ Workshops<\/h3>\n<ul>\n<li><a href=\"http:\/\/transtagung-muenchen.com\/programm.html\" target=\"_blank\">Trans*-Tagung M\u00fcnchen<\/a>, 15.-17.5.2015:<br \/>\n<b>Trans* &#8211; Eine Tseitreise <\/b><br \/>\nDas Ph\u00e4nomen transgeschlechtlichen menschlichen Lebens gab und gibt es in jeder Epoche und jeder Region der Erde. Je nach Region und Zeit ver\u00e4ndert sich jedoch der Umgang damit teils dramatisch. Was zu einer Epoche in einer Region noch zum allt\u00e4glichen Leben geh\u00f6rt, ist zur gleichen Zeit in einer anderen Region ein Tabu. Was in einer Epoche einmal ein Tabu war, kann in der gleichen Region etwas sp\u00e4ter schon wieder gelebter Teil der Gesellschaft sein. Der Workshop wird zun\u00e4chst beispielhaft<br \/>\neinige dieser globalen historischen Ver\u00e4nderungen aufgreifen und daran unterschiedliche Modelle des Umgangs mit transgeschlechtlichem Leben beleuchten. Dies soll den Hintergrund f\u00fcr eine spezielle Betrachtung der j\u00fcngeren Geschichte in Europa und gerade in Deutschland bilden, um damit zu einer Diskussion des Status-Quo und aktueller gesellschaftlicher und politischer Entwicklungen \u00fcberzuleiten.<\/li>\n<li><a href=\"http:\/\/transtagung.tgns.ch\/tagungsprogramm-2015\/\" target=\"_blank\">3. Schweizer Transtagung Bern<\/a>, 5.-6. September 2015:<br \/>\n<strong>WS32: Vom Gatekeeper zum unterst\u00fctzenden Begleiter<br \/>\n<\/strong>Diskussion medizinischer Behandlungsmodelle und ihrer Auswirkungen auf und f\u00fcr Betroffene<br \/>\nNicole Faerber, Dr. med. David Garcia Nu\u00f1ez<br \/>\nSeit einigen Jahren ger\u00e4t das klassische Gatekeeper Behandlungsmodell f\u00fcr Trans*Personen immer mehr in die Kritik. Behandler_innen waren darin die W\u00e4chter_innen, die \u00fcber starre Fristen und den Zugang zu Behandlungen zu wachen hatten. Diese Sichtweise ver\u00e4ndert sich zunehmend, national und international. Behandler_innen werden zunehmend zu Unterst\u00fctzer_innen und Begleiter_innen, die W\u00fcnsche und das Wohl der Patient_innen r\u00fccken in Vordergrund, starre Regeln werden aufgeweicht oder entfallen sogar ganz.Welche Auswirkungen haben diese Ver\u00e4nderungen? F\u00fcr die Behandlung selbst, aber auch f\u00fcr die Patient_innen? Was ver\u00e4ndert sich? Ver\u00e4ndert es vielleicht auch die Sichtweise auf sich selbst? Und wohin sollten diese Entwicklungen im Weiteren f\u00fchren?Der Workshop m\u00f6chte mit Trans*Personen und Interessierten diese Fragen diskutieren und m\u00f6gliche W\u00fcnsche f\u00fcr zuk\u00fcnftige Entwicklungen entwickeln. Zwei kurze Einstiegsreferate zum klassischen Modell und den neueren Entwicklungen wie dem Informed Consent Modell bilden den Einstieg f\u00fcr eine anschlie\u00dfende Er\u00f6rterung und Diskussion.<br \/>\nHier das Paper zu meinem Vortragsteil: <a href=\"https:\/\/www.dpin.de\/nf\/wp-content\/uploads\/sites\/2\/2015\/06\/150906-WS32-TransTagung-Bern.pdf\">150906-WS32 TransTagung Bern<\/a> (PDF, 70kB).<\/li>\n<li>Ringvorlesung am <a href=\"https:\/\/www.aww.uni-hamburg.de\/oeffentliche-vortraege\/programm\/04-sexuelle-gesundheit-ws1516.html\" target=\"_blank\">Universit\u00e4tsklinikum Hamburg Eppendorf (UKE)<\/a>, 26. Januar 2016:<br \/>\n<strong>Variationen der Geschlechtsentwicklung: Transgender als Thema im mittleren und hohen Erwachsenenalter<\/strong><br \/>\nAnnette G\u00fcldenring, Westk\u00fcstenklinikum Heide, Nicole Faerber<\/li>\n<li>Vortrag \/ Workshop, Trans*Inter*Tagung M\u00fcnchen, 6.5.2016<br \/>\n<strong>Quo Vadis trans*-Gesundheitsversorgung<\/strong><br \/>\nDie aktuelle Praxis der Gesundheitsversorgung f\u00fcr trans* Menschen ist nicht mehr zeitgem\u00e4\u00df, dies wissen auch die \u201eExpert_innen\u201c. Doch wohin streben aktuelle Entwicklungen? Was wird mit\/nach ICD-11 passieren? Wohin weisen aktuelle Entwicklungen, der WPATH, EPATH, AWMF (f\u00fcr Erwachsene und Jugendliche), Gesetzgebungsverfahren im Ausland, Resolutionen von Europarat und Europ\u00e4ischem Parlament, World Medical Association etc.? Welche Rolle kann die psychologische Fachrichtung dabei weiter einnehmen? Welche nicht? Welche Rolle spielen die Kostentr\u00e4ger? Wie beeinflusst dies trans* Menschen, direkt und indirekt?<br \/>\nMit einem Vortrags-Input wird das Thema eingeleitet, um dann gemeinsam m\u00f6gliche Ziele und Zielrichtungen zu diskutieren und zu formulieren.<br \/>\n<a href=\"https:\/\/www.dpin.de\/nf\/wp-content\/uploads\/sites\/2\/2015\/06\/160506-Gesundheit.pdf\">Folien des Vortrags<\/a><\/li>\n<li>Vortrag \/ Workshop, Trans*Inter*Tagung M\u00fcnchen, 6.5.2016<br \/>\n<strong>Juristische Anerkennung der geschlechtlichen Identit\u00e4t in Deutschland<\/strong><br \/>\nAktuelle Situation, Entwicklungen, Wechselwirkungen und wie wir darauf Einfluss nehmen k\u00f6nnten und sollten.<br \/>\nDas TSG ist ein Dinosaurier aus den 1980er Jahre. Sieben BundesVerfassungsGerichts-Urteile haben es seitdem weitgehend entkernt \u2013 es wackelt, steht aber noch. Seit Jahren k\u00e4mpfen Aktivist_innen f\u00fcr eine grundlegende Reform.<br \/>\nMit einem einleitenden Vortrag wird die aktuelle Situation und aktuelle Entwicklungen beschrieben (z.B. IMAG), sowie ein Blick auf internationale Entwicklungen geworfen \u2013 Argentinien, Malta, Irland, Europarat, Europ\u00e4isches Parlament etc.<br \/>\nIm anschlie\u00dfenden Workshop-Teil werden gemeinsam mit den Teilnehmer_innen W\u00fcnsche und Ziele f\u00fcr Deutschland erarbeitet \u2013 die Politik wartet auf unseren Input!<br \/>\n<a href=\"https:\/\/www.dpin.de\/nf\/wp-content\/uploads\/sites\/2\/2015\/06\/160506-JurGeschl.pdf\">Folien des Vortrags<\/a><\/li>\n<li>Trans* Inter* Gesundheitsfachtag NRW, 27.10.2016<br \/>\nReferentin zur Schilderung des aktuellen Zustandes aus Sicht der ehrenamtlichen Beratung und Selbsthilfe<\/li>\n<li><a href=\"http:\/\/www.bufas.net\/\" target=\"_blank\">bufaS<\/a> Jahrestagung Soest, 23.3.2017<br \/>\nReferentin zu Geschichte und aktuellen Situation von Trans* Menschen, kulturhistorischer Abriss, rechtliche Situation global und in Deutschland im Speziellen<\/li>\n<\/ul>\n","protected":false},"excerpt":{"rendered":"<p>Artikel Materialsammlung zur rechtlichen Situation von Trans*: Da ich in der letzten Zeit ein paar mal in verschiedenen Kontexten die aktuelle rechtliche Situation von Trans* in Deutschland beschreiben musste, habe ich einmal in einem Papier meine Erkenntnisse und Quellen zusammengefasst: trans-recht-151019 (PDF, 137kB), trans-recht-151020 (PDF, 145kB), trans-recht-160501 (PDF, 146kB) Ich freue mich \u00fcber Feedback dazu! War es n\u00fctzlich? Hilfreich? Habe&#8230; <a href=\"https:\/\/www.dpin.de\/nf\/trans\/artikel-und-vortraege\/\">Read more &raquo;<\/a><\/p>\n","protected":false},"author":1,"featured_media":0,"parent":15,"menu_order":2,"comment_status":"closed","ping_status":"open","template":"","meta":{"footnotes":""},"class_list":["post-273","page","type-page","status-publish","hentry"],"_links":{"self":[{"href":"https:\/\/www.dpin.de\/nf\/wp-json\/wp\/v2\/pages\/273","targetHints":{"allow":["GET"]}}],"collection":[{"href":"https:\/\/www.dpin.de\/nf\/wp-json\/wp\/v2\/pages"}],"about":[{"href":"https:\/\/www.dpin.de\/nf\/wp-json\/wp\/v2\/types\/page"}],"author":[{"embeddable":true,"href":"https:\/\/www.dpin.de\/nf\/wp-json\/wp\/v2\/users\/1"}],"replies":[{"embeddable":true,"href":"https:\/\/www.dpin.de\/nf\/wp-json\/wp\/v2\/comments?post=273"}],"version-history":[{"count":2,"href":"https:\/\/www.dpin.de\/nf\/wp-json\/wp\/v2\/pages\/273\/revisions"}],"predecessor-version":[{"id":1091,"href":"https:\/\/www.dpin.de\/nf\/wp-json\/wp\/v2\/pages\/273\/revisions\/1091"}],"up":[{"embeddable":true,"href":"https:\/\/www.dpin.de\/nf\/wp-json\/wp\/v2\/pages\/15"}],"wp:attachment":[{"href":"https:\/\/www.dpin.de\/nf\/wp-json\/wp\/v2\/media?parent=273"}],"curies":[{"name":"wp","href":"https:\/\/api.w.org\/{rel}","templated":true}]}}