{"id":408,"date":"2015-12-04T17:34:00","date_gmt":"2015-12-04T16:34:00","guid":{"rendered":"http:\/\/nf.dpin.de\/?page_id=408"},"modified":"2017-06-18T22:11:02","modified_gmt":"2017-06-18T20:11:02","slug":"sachverstaendige-freie-gutachterin","status":"publish","type":"page","link":"https:\/\/www.dpin.de\/nf\/beruf-firma\/sachverstaendige-freie-gutachterin\/","title":{"rendered":"Sachverst\u00e4ndige, freie Gutachterin"},"content":{"rendered":"<p>Auf Basis meiner fast 20 j\u00e4hrigen Berufserfahrung im Bereich Informatik und Elektronik, als Ingenieurin und Gesch\u00e4ftsf\u00fchrerin des Unternehmens kernel concepts und jetzt unter dem Dach von <a href=\"http:\/\/www.id3p.de\/gutachten\/\" target=\"_blank\" rel=\"noopener noreferrer\">ID3P<\/a>, biete ich Sachverst\u00e4ndigengutachten f\u00fcr den Bereich <a href=\"https:\/\/www.ifsforum.de\/fileadmin\/bestellungsvoraussetzungen\/2100.pdf\" target=\"_blank\" rel=\"noopener noreferrer\">Informationstechnologie<\/a> an.<\/p>\n<p>Dabei bringe ich meine besondere Expertise und Erfahrung aus folgenden Bereichen ein:<\/p>\n<ul>\n<li>Software-Entwicklung, insbesondere systemnahe Programmierung<\/li>\n<li>Design, Architektur und Entwicklung eingebetteter Systeme (&#8222;embedded&#8220;)<\/li>\n<li>Entwurf und Fertigung digitaler Schaltungen<\/li>\n<li>Digitale Kommunikationssysteme, Netzwerk<\/li>\n<li>Lizenzen und Lizenzbedingungen, vor allem sog. Open-Source Lizenzen (GPL, LGPL, BSD, MIT etc.)<\/li>\n<\/ul>\n<p>Begutachtungen von Sachverhalten k\u00f6nnen f\u00fcr Klarheit bei Missverst\u00e4ndnissen oder als unabh\u00e4ngige Einsch\u00e4tzung Dritter zu Streitpunkten wertvoll sein. Auch in technischen Prozessen kann eine Begutachtung in Form eines gemeinsamen Reviews neue Erkenntnisse und Verbesserungen bringen. Eine unabh\u00e4ngige Einsch\u00e4tzung kann auch die Sicherheit geben, dass der gew\u00e4hlte Weg, der gew\u00e4hlte L\u00f6sungsansatz oder die implementierte L\u00f6sung gut gew\u00e4hlt und gut umgesetzt ist.<\/p>\n<p>Sprechen Sie mich gerne an und wir kl\u00e4ren gemeinsam und unverbindlich, ob auch f\u00fcr Sie, f\u00fcr Ihr Problem oder ihr Projekt eine unabh\u00e4ngige und fundierte Meinung eine wertvolle Erg\u00e4nzung w\u00e4re.<\/p>\n","protected":false},"excerpt":{"rendered":"<p>Auf Basis meiner fast 20 j\u00e4hrigen Berufserfahrung im Bereich Informatik und Elektronik, als Ingenieurin und Gesch\u00e4ftsf\u00fchrerin des Unternehmens kernel concepts und jetzt unter dem Dach von ID3P, biete ich Sachverst\u00e4ndigengutachten f\u00fcr den Bereich Informationstechnologie an. Dabei bringe ich meine besondere Expertise und Erfahrung aus folgenden Bereichen ein: Software-Entwicklung, insbesondere systemnahe Programmierung Design, Architektur und Entwicklung eingebetteter Systeme (&#8222;embedded&#8220;) Entwurf und&#8230; <a href=\"https:\/\/www.dpin.de\/nf\/beruf-firma\/sachverstaendige-freie-gutachterin\/\">Read more &raquo;<\/a><\/p>\n","protected":false},"author":1,"featured_media":0,"parent":63,"menu_order":0,"comment_status":"closed","ping_status":"closed","template":"","meta":{"footnotes":""},"class_list":["post-408","page","type-page","status-publish","hentry"],"_links":{"self":[{"href":"https:\/\/www.dpin.de\/nf\/wp-json\/wp\/v2\/pages\/408","targetHints":{"allow":["GET"]}}],"collection":[{"href":"https:\/\/www.dpin.de\/nf\/wp-json\/wp\/v2\/pages"}],"about":[{"href":"https:\/\/www.dpin.de\/nf\/wp-json\/wp\/v2\/types\/page"}],"author":[{"embeddable":true,"href":"https:\/\/www.dpin.de\/nf\/wp-json\/wp\/v2\/users\/1"}],"replies":[{"embeddable":true,"href":"https:\/\/www.dpin.de\/nf\/wp-json\/wp\/v2\/comments?post=408"}],"version-history":[{"count":2,"href":"https:\/\/www.dpin.de\/nf\/wp-json\/wp\/v2\/pages\/408\/revisions"}],"predecessor-version":[{"id":1145,"href":"https:\/\/www.dpin.de\/nf\/wp-json\/wp\/v2\/pages\/408\/revisions\/1145"}],"up":[{"embeddable":true,"href":"https:\/\/www.dpin.de\/nf\/wp-json\/wp\/v2\/pages\/63"}],"wp:attachment":[{"href":"https:\/\/www.dpin.de\/nf\/wp-json\/wp\/v2\/media?parent=408"}],"curies":[{"name":"wp","href":"https:\/\/api.w.org\/{rel}","templated":true}]}}