{"id":65,"date":"2015-04-27T00:27:00","date_gmt":"2015-04-26T22:27:00","guid":{"rendered":"http:\/\/nf.dpin.de\/?page_id=65"},"modified":"2021-01-30T22:51:14","modified_gmt":"2021-01-30T21:51:14","slug":"kernel-concepts","status":"publish","type":"page","link":"https:\/\/www.dpin.de\/nf\/beruf-firma\/kernel-concepts\/","title":{"rendered":"kernel concepts"},"content":{"rendered":"<p>Ende <a href=\"http:\/\/www.kernelconcepts.de\" target=\"_blank\" rel=\"noopener noreferrer\"><img loading=\"lazy\" decoding=\"async\" class=\" wp-image-156 alignleft\" src=\"https:\/\/www.dpin.de\/nf\/wp-content\/uploads\/sites\/2\/2015\/04\/kc-logo-plain.png\" alt=\"kc-logo-plain\" width=\"283\" height=\"283\" srcset=\"https:\/\/www.dpin.de\/nf\/wp-content\/uploads\/sites\/2\/2015\/04\/kc-logo-plain.png 283w, https:\/\/www.dpin.de\/nf\/wp-content\/uploads\/sites\/2\/2015\/04\/kc-logo-plain-150x150.png 150w\" sizes=\"auto, (max-width: 283px) 100vw, 283px\" \/><\/a>1999 gr\u00fcndete ich zusammen mit meinem damaligen Studienkollegen Michael Engel die Firma &#8222;<a href=\"http:\/\/www.kernelconcepts.de\" target=\"_blank\" rel=\"noopener noreferrer\">kernel concepts<\/a>&#8222;, in der ich bis heute t\u00e4tig bin.<\/p>\n<p>W\u00e4hrend des Studium kristallisierte sich langsam heraus, dass wir beide ein gro\u00dfes Interessen an Betriebssystemen hatten. Wir waren von der Dominanz von Microsofts Windows der Intel x86 Plattform frustriert und wollten etwas <em>anderes<\/em> machen. Seit einigen Jahren besch\u00e4ftigen wir beide uns mit alternativen Plattformen und Systemen, mit Linux und BSD, mit Motorola 68k und Sun Sparc CPUs. Durch die Quelloffenheit des Linux Kernels und frei verf\u00fcgbarer Werkzeuge wie dem GNU C Compiler f\u00fcr andere Plattformen, wuchs das Interesse, Linux auch auf diese Plattformen zu bringen.<\/p>\n<p>Mit der Zeit lernten wir durch die Besch\u00e4ftigung eine Menge Leute kennen. Wir waren auch mit Herzblut bei der Sache &#8211; es hatten schon etwas von Evangelisieren \ud83d\ude42 Durch einige Auftritte auf Konferenzen und Messen (Linux Tag, Systems in M\u00fcnchen, CeBit Hannover) auf die wir eingeladen wurden, um Linux auf diesen alternativen Plattformen zu pr\u00e4sentieren, merkten wir, dass es auch ein kommerzielles Interesse an dieser Arbeit gab.<\/p>\n<p>Ein Bereich, der sich immer schneller zu entwickeln schien, war der der &#8222;embedded&#8220; Systeme, also Ger\u00e4te, die f\u00fcr eine spezielle Aufgabe in gr\u00f6\u00dferen Gebilden eingesetzt werden, z.B. das Bedienger\u00e4t einer Maschinensteuerung. F\u00fcr Ger\u00e4te wie diese wurden zu dieser Zeit noch meist teure und recht eingeschr\u00e4nkte Real-Time Systeme (RTOS) auf sehr schwachen CPUs eingesetzt. F\u00fcr neue und moderner Projekte meist viel zu eingeschr\u00e4nkt, um die Anforderungen der Projekte zu erf\u00fcllen. Daher interessierten sich immer mehr Firmen f\u00fcr eine angepasste Linux Version f\u00fcr ihre embedded Projekte. Nachdem wir dann also auf zwei Messen hintereinander von fast einem Dutzend potentieller Kunden angesprochen wurde, war uns langsam klar, dass wir unser Hobby vielleicht zu einem Teil auch zum Beruf machen sollten.<\/p>\n<p>Ende 1999 war es dann soweit.<\/p>\n<p>Heute, 2015, und damit gut 15 Jahre sp\u00e4ter kann ich sagen, dass es die richtige Entscheidung war. Wir hatten zwar auch ein paar schwere Zeiten, fahren aber heute in sehr ruhigem Wasser. Die Firma hat jetzt 10 st\u00e4ndige Mitarbeiter, teilweise sind wir bis zu 13 Personen im Haus. Apropos Haus, 2006 kauften wir f\u00fcr die Firma ein altes H\u00e4uschen, dass wir selbst renovierten und in dem wir heute noch residieren. Nach wie vor entwickeln wir f\u00fcr unsere Kunden embedded Linux L\u00f6sungen, von Kernel Anpassungen und Treibern bishin zu grafischen Applikationen und kompletten Software-Suites f\u00fcr die Produkte unserer Kunden. Unser Team besteht fast ausschlie\u00dflich aus Enthusiasten f\u00fcr freie und quelloffenen Software und wir setzen diese auch praktisch ausschlie\u00dflich f\u00fcr unsere eigenen Zwecke ein.<\/p>\n<p>Im Rahmen der Firma habe ich seit 2011 von der IHK Siegen die Ausbildungsberechtigung f\u00fcr den Beruf &#8222;Fachinformatiker\/-in Fachrichtung: Anwendungsentwicklung&#8220;.<\/p>\n<p>Im Mai 2017 habe ich die Firma &#8222;kernel concepts GmbH&#8220; verlassen und mich mit der neuen Firma <a href=\"http:\/\/www.id3p.de\" target=\"_blank\" rel=\"noopener noreferrer\">ID3P<\/a> selbstst\u00e4ndig gemacht, meine Partnerin Petra betreut jetzt unseren <a href=\"https:\/\/www.floss-shop.de\/\" target=\"_blank\" rel=\"noopener noreferrer\">FLOSS-Shop<\/a>. Seit September 2017 arbeite ich als Director of Mobile und seit 2018 als CTO f\u00fcr <a href=\"https:\/\/puri.sm\">Purism SPC<\/a>.<\/p>\n","protected":false},"excerpt":{"rendered":"<p>Ende 1999 gr\u00fcndete ich zusammen mit meinem damaligen Studienkollegen Michael Engel die Firma &#8222;kernel concepts&#8222;, in der ich bis heute t\u00e4tig bin. W\u00e4hrend des Studium kristallisierte sich langsam heraus, dass wir beide ein gro\u00dfes Interessen an Betriebssystemen hatten. Wir waren von der Dominanz von Microsofts Windows der Intel x86 Plattform frustriert und wollten etwas anderes machen. Seit einigen Jahren besch\u00e4ftigen&#8230; <a href=\"https:\/\/www.dpin.de\/nf\/beruf-firma\/kernel-concepts\/\">Read more &raquo;<\/a><\/p>\n","protected":false},"author":1,"featured_media":0,"parent":63,"menu_order":0,"comment_status":"closed","ping_status":"open","template":"","meta":{"footnotes":""},"class_list":["post-65","page","type-page","status-publish","hentry"],"_links":{"self":[{"href":"https:\/\/www.dpin.de\/nf\/wp-json\/wp\/v2\/pages\/65","targetHints":{"allow":["GET"]}}],"collection":[{"href":"https:\/\/www.dpin.de\/nf\/wp-json\/wp\/v2\/pages"}],"about":[{"href":"https:\/\/www.dpin.de\/nf\/wp-json\/wp\/v2\/types\/page"}],"author":[{"embeddable":true,"href":"https:\/\/www.dpin.de\/nf\/wp-json\/wp\/v2\/users\/1"}],"replies":[{"embeddable":true,"href":"https:\/\/www.dpin.de\/nf\/wp-json\/wp\/v2\/comments?post=65"}],"version-history":[{"count":5,"href":"https:\/\/www.dpin.de\/nf\/wp-json\/wp\/v2\/pages\/65\/revisions"}],"predecessor-version":[{"id":1678,"href":"https:\/\/www.dpin.de\/nf\/wp-json\/wp\/v2\/pages\/65\/revisions\/1678"}],"up":[{"embeddable":true,"href":"https:\/\/www.dpin.de\/nf\/wp-json\/wp\/v2\/pages\/63"}],"wp:attachment":[{"href":"https:\/\/www.dpin.de\/nf\/wp-json\/wp\/v2\/media?parent=65"}],"curies":[{"name":"wp","href":"https:\/\/api.w.org\/{rel}","templated":true}]}}